{"id":119,"date":"2016-01-29T09:37:46","date_gmt":"2016-01-29T08:37:46","guid":{"rendered":"http:\/\/localhost:8888\/wordpress\/?page_id=119"},"modified":"2025-04-29T21:04:22","modified_gmt":"2025-04-29T19:04:22","slug":"impressum","status":"publish","type":"page","link":"https:\/\/www.ruralroadmap.eu\/de\/impressum\/","title":{"rendered":"Impressum"},"content":{"rendered":"<div class=\"post-content\">\n<h2>1. Impressum | Offenlegung gem. \u00a7\u00a7 24f MedienG<\/h2>\n<h3>Medieninhaber: Europ\u00e4ische ARGE Landentwicklung und Dorferneuerung<\/h3>\n<h3>Herausgeber:<\/h3>\n<p>Europ\u00e4ische ARGE Landentwicklung und Dorferneuerung<br \/>\nGesch\u00e4ftsf\u00fchrerin: Theres Friewald-Hofbauer<br \/>\nAdresse: Tullnerstra\u00dfe 16, 3451 Michelhausen, \u00d6sterreich<br \/>\nE-Mail: info(at)landentwicklung.org<\/p>\n<p>ZVR- Zahl:\u00a0967401264<\/p>\n<p>Medienlinie gem. \u00a7 25 Abs. 4 MedienG:<\/p>\n<h2>2. Kundmachung gem. \u00a7 13 AVG<\/h2>\n<p>Schreiben an die Europ\u00e4ische ARGE Landentwicklung und Dorferneuerung richten Sie bitte an folgende Adresse: Tullnerstra\u00dfe 16, 3451 Michelhausen, \u00d6sterreich\/Austria<\/p>\n<h3>E-Mail<\/h3>\n<p>Wenn Sie mit uns elektronisch kommunizieren wollen, verwenden Sie bitte die offizielle E-Mail-Adresse: info(at)landentwicklung.org<\/p>\n<h2>3. Datenschutz im Zusammenhang mit dem Einsatz des Facebook-Like-Buttons<\/h2>\n<p>Unser Internetauftritt verwendet Social Plugins (\u201cPlugins\u201d) des sozialen Netzwerkes facebook.com, welches von der Facebook Inc., 1601 S. California Ave, Palo Alto, CA 94304, USA betrieben wird (\u201cFacebook\u201d). Die Plugins sind an einem der Facebook Logos erkennbar (wei\u00dfes \u201ef\u201c auf blauer Kachel oder ein \u201eDaumen hoch\u201c-Zeichen) oder sind mit dem Zusatz \u201cFacebook Social Plugin\u201d gekennzeichnet. Die Liste und das Aussehen der Facebook Social Plugins kann hier eingesehen werden:\u00a0<a href=\"http:\/\/developers.facebook.com\/plugins\" target=\"_blank\" rel=\"noopener noreferrer\">http:\/\/developers.facebook.com\/plugins<\/a>.<\/p>\n<p>Wenn Sie eine Webseite unseres Internetauftritts aufrufen, die ein solches Plugin enth\u00e4lt, baut Ihr Browser eine direkte Verbindung mit den Servern von Facebook auf. Der Inhalt des Plugins wird von Facebook direkt an Ihren Browser \u00fcbermittelt und von diesem in die Webseite eingebunden. Wir haben daher keinen Einfluss auf den Umfang der Daten, die Facebook mit Hilfe dieses Plugins erhebt und informieren Sie daher entsprechend unserem\u00a0<a href=\"http:\/\/www.facebook.com\/help\/?faq=17512\" target=\"_blank\" rel=\"noopener noreferrer\">Kenntnisstand<\/a>:<\/p>\n<p>Durch die Einbindung der Plugins erh\u00e4lt Facebook die Information, dass Sie die entsprechende Seite unseres Internetauftritts aufgerufen haben. Sind Sie bei Facebook eingeloggt, kann Facebook den Besuch Ihrem Facebook-Konto zuordnen. Wenn Sie mit den Plugins interagieren, zum Beispiel den Like Button bet\u00e4tigen oder einen Kommentar abgeben, wird die entsprechende Information von Ihrem Browser direkt an Facebook \u00fcbermittelt und dort gespeichert. Falls Sie kein Mitglied von Facebook sind, besteht trotzdem die M\u00f6glichkeit, dass Facebook Ihre IP-Adresse in Erfahrung bringt und speichert.<\/p>\n<p>Zweck und Umfang der Datenerhebung und die weitere Verarbeitung und Nutzung der Daten durch Facebook sowie Ihre diesbez\u00fcglichen Rechte und Einstellungsm\u00f6glichkeiten zum Schutz Ihrer Privatssph\u00e4re entnehmen Sie bitte den Datenschutzhinweisen von Facebook:\u00a0<a href=\"http:\/\/www.facebook.com\/policy.php\" target=\"_blank\" rel=\"noopener noreferrer\">http:\/\/www.facebook.com\/policy.php<\/a>.<\/p>\n<p>Wenn Sie Facebookmitglied sind und nicht m\u00f6chten, dass Facebook \u00fcber unseren Internetauftritt Daten \u00fcber Sie sammelt und mit Ihren bei Facebook gespeicherten Mitgliedsdaten verkn\u00fcpft, m\u00fcssen Sie sich vor Ihrem Besuch unseres Internetauftritts bei Facebook ausloggen.<\/p>\n<p>Ebenfalls ist es m\u00f6glich Facebook-Social-Plugins mit Add-ons f\u00fcr Ihren Browser zu blocken, zum Beispiel mit dem \u201c<a href=\"http:\/\/webgraph.com\/resources\/facebookblocker\/\">Facebook Blocker<\/a>\u201c.<\/p>\n<\/div>\n","protected":false},"excerpt":{"rendered":"<p>1. Impressum | Offenlegung gem. \u00a7\u00a7 24f MedienG Medieninhaber: Europ\u00e4ische ARGE Landentwicklung und Dorferneuerung Herausgeber: Europ\u00e4ische ARGE Landentwicklung und Dorferneuerung Gesch\u00e4ftsf\u00fchrerin: Theres Friewald-Hofbauer Adresse: Tullnerstra\u00dfe 16, 3451 Michelhausen, \u00d6sterreich E-Mail: info(at)landentwicklung.org ZVR- Zahl:\u00a0967401264 Medienlinie gem. \u00a7 25 Abs. 4 MedienG: 2. Kundmachung gem. \u00a7 13 AVG Schreiben an die Europ\u00e4ische ARGE Landentwicklung und Dorferneuerung richten<br \/><a class=\"moretag\" href=\"https:\/\/www.ruralroadmap.eu\/de\/impressum\/\">+ Lesen Sie mehr<\/a><\/p>\n","protected":false},"author":4,"featured_media":0,"parent":0,"menu_order":0,"comment_status":"closed","ping_status":"closed","template":"template_parts\/page-fullwidth_template.php","meta":{"dwc-title":[""],"dwc-content":[""],"footnotes":""},"class_list":["post-119","page","type-page","status-publish","hentry"],"_links":{"self":[{"href":"https:\/\/www.ruralroadmap.eu\/de\/wp-json\/wp\/v2\/pages\/119","targetHints":{"allow":["GET"]}}],"collection":[{"href":"https:\/\/www.ruralroadmap.eu\/de\/wp-json\/wp\/v2\/pages"}],"about":[{"href":"https:\/\/www.ruralroadmap.eu\/de\/wp-json\/wp\/v2\/types\/page"}],"author":[{"embeddable":true,"href":"https:\/\/www.ruralroadmap.eu\/de\/wp-json\/wp\/v2\/users\/4"}],"replies":[{"embeddable":true,"href":"https:\/\/www.ruralroadmap.eu\/de\/wp-json\/wp\/v2\/comments?post=119"}],"version-history":[{"count":31,"href":"https:\/\/www.ruralroadmap.eu\/de\/wp-json\/wp\/v2\/pages\/119\/revisions"}],"predecessor-version":[{"id":6044,"href":"https:\/\/www.ruralroadmap.eu\/de\/wp-json\/wp\/v2\/pages\/119\/revisions\/6044"}],"wp:attachment":[{"href":"https:\/\/www.ruralroadmap.eu\/de\/wp-json\/wp\/v2\/media?parent=119"}],"curies":[{"name":"wp","href":"https:\/\/api.w.org\/{rel}","templated":true}]}}